{"id":43,"date":"2023-11-24T11:24:04","date_gmt":"2023-11-24T09:24:04","guid":{"rendered":"https:\/\/jgoessl.hak-digital.at\/?page_id=43"},"modified":"2024-02-28T18:32:54","modified_gmt":"2024-02-28T16:32:54","slug":"tipp-der-woche","status":"publish","type":"page","link":"https:\/\/jgoessl.hak-digital.at\/?page_id=43","title":{"rendered":"\u00dcber mich"},"content":{"rendered":"\n<p>W\u00e4hlen Sie bitte oben in der Men\u00fcleiste unter &#8222;\u00dcber mich&#8220; eine Option aus, die Sie \u00fcber mich erfahren m\u00f6chten!<\/p>\n\n\n\n<p>Um zus\u00e4tzlich weitere Infos \u00fcber mich zu lesen klicken Sie bitte hier: <a href=\"https:\/\/jgoessl.hak-digital.at\/?p=182\" title=\"Nebeninfos <3\">Nebeninfos &lt;3<\/a><\/p>\n","protected":false},"excerpt":{"rendered":"<p>W\u00e4hlen Sie bitte oben in der Men\u00fcleiste unter &#8222;\u00dcber mich&#8220; eine Option aus, die Sie \u00fcber mich erfahren m\u00f6chten! Um zus\u00e4tzlich weitere Infos \u00fcber mich zu lesen klicken Sie bitte hier: Nebeninfos &lt;3<\/p>\n","protected":false},"author":1,"featured_media":0,"parent":0,"menu_order":2,"comment_status":"closed","ping_status":"closed","template":"","meta":{"ngg_post_thumbnail":0,"_kad_post_transparent":"","_kad_post_title":"","_kad_post_layout":"","_kad_post_sidebar_id":"","_kad_post_content_style":"","_kad_post_vertical_padding":"","_kad_post_feature":"","_kad_post_feature_position":"","_kad_post_header":false,"_kad_post_footer":false,"footnotes":""},"aioseo_notices":[],"_links":{"self":[{"href":"https:\/\/jgoessl.hak-digital.at\/index.php?rest_route=\/wp\/v2\/pages\/43"}],"collection":[{"href":"https:\/\/jgoessl.hak-digital.at\/index.php?rest_route=\/wp\/v2\/pages"}],"about":[{"href":"https:\/\/jgoessl.hak-digital.at\/index.php?rest_route=\/wp\/v2\/types\/page"}],"author":[{"embeddable":true,"href":"https:\/\/jgoessl.hak-digital.at\/index.php?rest_route=\/wp\/v2\/users\/1"}],"replies":[{"embeddable":true,"href":"https:\/\/jgoessl.hak-digital.at\/index.php?rest_route=%2Fwp%2Fv2%2Fcomments&post=43"}],"version-history":[{"count":8,"href":"https:\/\/jgoessl.hak-digital.at\/index.php?rest_route=\/wp\/v2\/pages\/43\/revisions"}],"predecessor-version":[{"id":234,"href":"https:\/\/jgoessl.hak-digital.at\/index.php?rest_route=\/wp\/v2\/pages\/43\/revisions\/234"}],"wp:attachment":[{"href":"https:\/\/jgoessl.hak-digital.at\/index.php?rest_route=%2Fwp%2Fv2%2Fmedia&parent=43"}],"curies":[{"name":"wp","href":"https:\/\/api.w.org\/{rel}","templated":true}]}}