{"id":262,"date":"2024-02-29T09:27:30","date_gmt":"2024-02-29T07:27:30","guid":{"rendered":"https:\/\/jgoessl.hak-digital.at\/?page_id=262"},"modified":"2024-02-29T11:26:35","modified_gmt":"2024-02-29T09:26:35","slug":"projekte","status":"publish","type":"page","link":"https:\/\/jgoessl.hak-digital.at\/?page_id=262","title":{"rendered":"Projekte"},"content":{"rendered":"\n<p class=\"has-white-color has-blush-light-purple-gradient-background has-text-color has-background has-link-color wp-elements-ecdb77d321c587804d23365653cdd17c\"><strong><em>Weihnachtsstand<\/em><\/strong><\/p>\n\n\n\n<p>Im Rahmen meiner Ausbildung an der BHAK Korneuburg mussten wir als Klasse ein Projekt machen, um f\u00fcr gute Zwecke Geld zu sammeln und dieses anschlie\u00dfend zu spenden. <\/p>\n\n\n\n<p>Wir planten als Klasse einen Weihnachtsstand in der Schule aufzustellen. Wir verkauften Kekse, Lebkuchen, Punsch und gebrannte Mandeln. Au\u00dferdem haben wir \u00fcbrig gebliebene Kekse an das Altersheim gespendet.<\/p>\n\n\n\n<figure class=\"wp-block-gallery has-nested-images columns-default is-cropped wp-block-gallery-1 is-layout-flex wp-block-gallery-is-layout-flex\">\n<figure class=\"wp-block-image size-large\"><img loading=\"lazy\" decoding=\"async\" width=\"768\" height=\"1024\" data-id=\"317\" src=\"https:\/\/jgoessl.hak-digital.at\/wp-content\/uploads\/2024\/02\/MicrosoftTeams-image-6-2-768x1024.jpg\" alt=\"\" class=\"wp-image-317\" srcset=\"https:\/\/jgoessl.hak-digital.at\/wp-content\/uploads\/2024\/02\/MicrosoftTeams-image-6-2-768x1024.jpg 768w, https:\/\/jgoessl.hak-digital.at\/wp-content\/uploads\/2024\/02\/MicrosoftTeams-image-6-2-225x300.jpg 225w, https:\/\/jgoessl.hak-digital.at\/wp-content\/uploads\/2024\/02\/MicrosoftTeams-image-6-2-1152x1536.jpg 1152w, https:\/\/jgoessl.hak-digital.at\/wp-content\/uploads\/2024\/02\/MicrosoftTeams-image-6-2.jpg 1500w\" sizes=\"(max-width: 768px) 100vw, 768px\" \/><\/figure>\n\n\n\n<figure class=\"wp-block-image size-large\"><img loading=\"lazy\" decoding=\"async\" width=\"768\" height=\"1024\" data-id=\"321\" src=\"https:\/\/jgoessl.hak-digital.at\/wp-content\/uploads\/2024\/02\/MicrosoftTeams-image-5-2-768x1024.jpg\" alt=\"\" class=\"wp-image-321\" srcset=\"https:\/\/jgoessl.hak-digital.at\/wp-content\/uploads\/2024\/02\/MicrosoftTeams-image-5-2-768x1024.jpg 768w, https:\/\/jgoessl.hak-digital.at\/wp-content\/uploads\/2024\/02\/MicrosoftTeams-image-5-2-225x300.jpg 225w, https:\/\/jgoessl.hak-digital.at\/wp-content\/uploads\/2024\/02\/MicrosoftTeams-image-5-2-1152x1536.jpg 1152w, https:\/\/jgoessl.hak-digital.at\/wp-content\/uploads\/2024\/02\/MicrosoftTeams-image-5-2.jpg 1308w\" sizes=\"(max-width: 768px) 100vw, 768px\" \/><\/figure>\n\n\n\n<figure class=\"wp-block-image size-large\"><img loading=\"lazy\" decoding=\"async\" width=\"768\" height=\"1024\" data-id=\"318\" src=\"https:\/\/jgoessl.hak-digital.at\/wp-content\/uploads\/2024\/02\/MicrosoftTeams-image-4-2-768x1024.jpg\" alt=\"\" class=\"wp-image-318\" srcset=\"https:\/\/jgoessl.hak-digital.at\/wp-content\/uploads\/2024\/02\/MicrosoftTeams-image-4-2-768x1024.jpg 768w, https:\/\/jgoessl.hak-digital.at\/wp-content\/uploads\/2024\/02\/MicrosoftTeams-image-4-2-225x300.jpg 225w, https:\/\/jgoessl.hak-digital.at\/wp-content\/uploads\/2024\/02\/MicrosoftTeams-image-4-2-1152x1536.jpg 1152w, https:\/\/jgoessl.hak-digital.at\/wp-content\/uploads\/2024\/02\/MicrosoftTeams-image-4-2.jpg 1500w\" sizes=\"(max-width: 768px) 100vw, 768px\" \/><\/figure>\n\n\n\n<figure class=\"wp-block-image size-large\"><img loading=\"lazy\" decoding=\"async\" width=\"768\" height=\"1024\" data-id=\"316\" src=\"https:\/\/jgoessl.hak-digital.at\/wp-content\/uploads\/2024\/02\/MicrosoftTeams-image-3-1-768x1024.jpg\" alt=\"\" class=\"wp-image-316\" srcset=\"https:\/\/jgoessl.hak-digital.at\/wp-content\/uploads\/2024\/02\/MicrosoftTeams-image-3-1-768x1024.jpg 768w, https:\/\/jgoessl.hak-digital.at\/wp-content\/uploads\/2024\/02\/MicrosoftTeams-image-3-1-225x300.jpg 225w, https:\/\/jgoessl.hak-digital.at\/wp-content\/uploads\/2024\/02\/MicrosoftTeams-image-3-1-1152x1536.jpg 1152w, https:\/\/jgoessl.hak-digital.at\/wp-content\/uploads\/2024\/02\/MicrosoftTeams-image-3-1.jpg 1500w\" sizes=\"(max-width: 768px) 100vw, 768px\" \/><\/figure>\n\n\n\n<figure class=\"wp-block-image size-large\"><img loading=\"lazy\" decoding=\"async\" width=\"576\" height=\"1024\" data-id=\"319\" src=\"https:\/\/jgoessl.hak-digital.at\/wp-content\/uploads\/2024\/02\/MicrosoftTeams-image-2-3-576x1024.jpg\" alt=\"\" class=\"wp-image-319\" srcset=\"https:\/\/jgoessl.hak-digital.at\/wp-content\/uploads\/2024\/02\/MicrosoftTeams-image-2-3-576x1024.jpg 576w, https:\/\/jgoessl.hak-digital.at\/wp-content\/uploads\/2024\/02\/MicrosoftTeams-image-2-3-169x300.jpg 169w, https:\/\/jgoessl.hak-digital.at\/wp-content\/uploads\/2024\/02\/MicrosoftTeams-image-2-3-768x1365.jpg 768w, https:\/\/jgoessl.hak-digital.at\/wp-content\/uploads\/2024\/02\/MicrosoftTeams-image-2-3-864x1536.jpg 864w, https:\/\/jgoessl.hak-digital.at\/wp-content\/uploads\/2024\/02\/MicrosoftTeams-image-2-3.jpg 1152w\" sizes=\"(max-width: 576px) 100vw, 576px\" \/><\/figure>\n\n\n\n<figure class=\"wp-block-image size-large\"><img loading=\"lazy\" decoding=\"async\" width=\"768\" height=\"1024\" data-id=\"322\" src=\"https:\/\/jgoessl.hak-digital.at\/wp-content\/uploads\/2024\/02\/MicrosoftTeams-image-1-4-768x1024.jpg\" alt=\"\" class=\"wp-image-322\" srcset=\"https:\/\/jgoessl.hak-digital.at\/wp-content\/uploads\/2024\/02\/MicrosoftTeams-image-1-4-768x1024.jpg 768w, https:\/\/jgoessl.hak-digital.at\/wp-content\/uploads\/2024\/02\/MicrosoftTeams-image-1-4-225x300.jpg 225w, https:\/\/jgoessl.hak-digital.at\/wp-content\/uploads\/2024\/02\/MicrosoftTeams-image-1-4-1152x1536.jpg 1152w, https:\/\/jgoessl.hak-digital.at\/wp-content\/uploads\/2024\/02\/MicrosoftTeams-image-1-4.jpg 1308w\" sizes=\"(max-width: 768px) 100vw, 768px\" \/><\/figure>\n<\/figure>\n\n\n\n<p><\/p>\n\n\n\n<p class=\"has-white-color has-blush-light-purple-gradient-background has-text-color has-background has-link-color wp-elements-94813645bd20cd4504e2f90e4a59f96c\"><strong><em>Schulball der BHAK Korneuburg<\/em><\/strong><\/p>\n\n\n\n<p>Im Rahmen unserer Diplomarbeit veranstalten zwei Diplomarbeitsgruppen unserer Klasse einen Schulball f\u00fcr das Schuljahr 2024\/25.<\/p>\n\n\n\n<p>Die Vorbereitungen sind schon im Gange und wir Sch\u00fcler, aber auch unsere Betreuungslehrer arbeiten flei\u00dfig daran einen sch\u00f6nen Abend zu erleben!<\/p>\n","protected":false},"excerpt":{"rendered":"<p>Weihnachtsstand Im Rahmen meiner Ausbildung an der BHAK Korneuburg mussten wir als Klasse ein Projekt machen, um f\u00fcr gute Zwecke Geld zu sammeln und dieses anschlie\u00dfend zu spenden. Wir planten als Klasse einen Weihnachtsstand in der Schule aufzustellen. Wir verkauften Kekse, Lebkuchen, Punsch und gebrannte Mandeln. Au\u00dferdem haben wir \u00fcbrig gebliebene Kekse an das Altersheim&#8230;<\/p>\n","protected":false},"author":1,"featured_media":0,"parent":0,"menu_order":0,"comment_status":"closed","ping_status":"closed","template":"","meta":{"ngg_post_thumbnail":0,"_kad_post_transparent":"","_kad_post_title":"","_kad_post_layout":"","_kad_post_sidebar_id":"","_kad_post_content_style":"","_kad_post_vertical_padding":"","_kad_post_feature":"","_kad_post_feature_position":"","_kad_post_header":false,"_kad_post_footer":false,"footnotes":""},"aioseo_notices":[],"_links":{"self":[{"href":"https:\/\/jgoessl.hak-digital.at\/index.php?rest_route=\/wp\/v2\/pages\/262"}],"collection":[{"href":"https:\/\/jgoessl.hak-digital.at\/index.php?rest_route=\/wp\/v2\/pages"}],"about":[{"href":"https:\/\/jgoessl.hak-digital.at\/index.php?rest_route=\/wp\/v2\/types\/page"}],"author":[{"embeddable":true,"href":"https:\/\/jgoessl.hak-digital.at\/index.php?rest_route=\/wp\/v2\/users\/1"}],"replies":[{"embeddable":true,"href":"https:\/\/jgoessl.hak-digital.at\/index.php?rest_route=%2Fwp%2Fv2%2Fcomments&post=262"}],"version-history":[{"count":5,"href":"https:\/\/jgoessl.hak-digital.at\/index.php?rest_route=\/wp\/v2\/pages\/262\/revisions"}],"predecessor-version":[{"id":326,"href":"https:\/\/jgoessl.hak-digital.at\/index.php?rest_route=\/wp\/v2\/pages\/262\/revisions\/326"}],"wp:attachment":[{"href":"https:\/\/jgoessl.hak-digital.at\/index.php?rest_route=%2Fwp%2Fv2%2Fmedia&parent=262"}],"curies":[{"name":"wp","href":"https:\/\/api.w.org\/{rel}","templated":true}]}}