{"id":224,"date":"2024-02-28T18:24:04","date_gmt":"2024-02-28T16:24:04","guid":{"rendered":"https:\/\/jgoessl.hak-digital.at\/?page_id=224"},"modified":"2024-03-02T13:22:45","modified_gmt":"2024-03-02T11:22:45","slug":"meine-schulbildung","status":"publish","type":"page","link":"https:\/\/jgoessl.hak-digital.at\/?page_id=224","title":{"rendered":"Schulbildung"},"content":{"rendered":"\n<p class=\"has-white-color has-blush-light-purple-gradient-background has-text-color has-background has-link-color has-medium-font-size wp-elements-d66a9fd14a256a51066fd4d738835fc5\"><strong><em><mark style=\"background-color:rgba(0, 0, 0, 0)\" class=\"has-inline-color has-white-color\">Meine Schullaufbahn:<\/mark><\/em><\/strong><\/p>\n\n\n\n<ul>\n<li><strong>Oberstufe:<\/strong>&nbsp;Bundeshandelsakademie Korneuburg (2020-2025)<\/li>\n<\/ul>\n\n\n\n<figure class=\"wp-block-image size-full is-resized\"><img loading=\"lazy\" decoding=\"async\" width=\"600\" height=\"405\" src=\"https:\/\/jgoessl.hak-digital.at\/wp-content\/uploads\/2024\/02\/image-2.png\" alt=\"\" class=\"wp-image-218\" style=\"width:360px;height:auto\" srcset=\"https:\/\/jgoessl.hak-digital.at\/wp-content\/uploads\/2024\/02\/image-2.png 600w, https:\/\/jgoessl.hak-digital.at\/wp-content\/uploads\/2024\/02\/image-2-300x203.png 300w\" sizes=\"(max-width: 600px) 100vw, 600px\" \/><figcaption class=\"wp-element-caption\"><em>BHAK Korneuburg<\/em><\/figcaption><\/figure>\n\n\n\n<p><a href=\"https:\/\/www.hak-korneuburg.at\/\" target=\"_blank\" rel=\"noopener\" title=\"Klicken Sie hier um auf die Website der BHAK Korneuburg zu kommen!\">Klicken Sie hier um auf die Website der BHAK Korneuburg zu kommen!<\/a><\/p>\n\n\n\n<p>Derzeit besuche ich den 4. Jahrgang der BHAK Korneuburg. Ich habe mich damals f\u00fcr den digitalen Ausbildungsschwerpunkt entschieden, da ich mich f\u00fcr Photoshop und Websites interessiert habe und au\u00dferdem gerne mit dem Laptop arbeite.<\/p>\n\n\n\n<p>Innerhalb den 5 Jahren m\u00fcssen wir ein Pflichtpraktikum von 300 Stunden absolvieren, um zur Matura anzutreten. Wenn Sie interessiert an meinem Praktikum sind w\u00fcrde ich mich freuen, wenn Sie sich <a href=\"https:\/\/jgoessl.hak-digital.at\/?p=255\" target=\"_blank\" rel=\"noopener\" title=\"\">meinen Beitrag dazu<\/a> ansehen.<\/p>\n\n\n\n<ul>\n<li><strong>Unterstufe:\u00a0<\/strong>Mittelschule Harmannsdorf (2016-2020)<\/li>\n\n\n\n<li><strong>Volkschule:<\/strong>\u00a0Volkschule Leobendorf (2012-2016)<\/li>\n<\/ul>\n","protected":false},"excerpt":{"rendered":"<p>Meine Schullaufbahn: Klicken Sie hier um auf die Website der BHAK Korneuburg zu kommen! Derzeit besuche ich den 4. Jahrgang der BHAK Korneuburg. Ich habe mich damals f\u00fcr den digitalen Ausbildungsschwerpunkt entschieden, da ich mich f\u00fcr Photoshop und Websites interessiert habe und au\u00dferdem gerne mit dem Laptop arbeite. Innerhalb den 5 Jahren m\u00fcssen wir ein&#8230;<\/p>\n","protected":false},"author":1,"featured_media":0,"parent":0,"menu_order":0,"comment_status":"closed","ping_status":"closed","template":"","meta":{"ngg_post_thumbnail":0,"_kad_post_transparent":"","_kad_post_title":"","_kad_post_layout":"","_kad_post_sidebar_id":"","_kad_post_content_style":"","_kad_post_vertical_padding":"","_kad_post_feature":"","_kad_post_feature_position":"","_kad_post_header":false,"_kad_post_footer":false,"footnotes":""},"aioseo_notices":[],"_links":{"self":[{"href":"https:\/\/jgoessl.hak-digital.at\/index.php?rest_route=\/wp\/v2\/pages\/224"}],"collection":[{"href":"https:\/\/jgoessl.hak-digital.at\/index.php?rest_route=\/wp\/v2\/pages"}],"about":[{"href":"https:\/\/jgoessl.hak-digital.at\/index.php?rest_route=\/wp\/v2\/types\/page"}],"author":[{"embeddable":true,"href":"https:\/\/jgoessl.hak-digital.at\/index.php?rest_route=\/wp\/v2\/users\/1"}],"replies":[{"embeddable":true,"href":"https:\/\/jgoessl.hak-digital.at\/index.php?rest_route=%2Fwp%2Fv2%2Fcomments&post=224"}],"version-history":[{"count":4,"href":"https:\/\/jgoessl.hak-digital.at\/index.php?rest_route=\/wp\/v2\/pages\/224\/revisions"}],"predecessor-version":[{"id":338,"href":"https:\/\/jgoessl.hak-digital.at\/index.php?rest_route=\/wp\/v2\/pages\/224\/revisions\/338"}],"wp:attachment":[{"href":"https:\/\/jgoessl.hak-digital.at\/index.php?rest_route=%2Fwp%2Fv2%2Fmedia&parent=224"}],"curies":[{"name":"wp","href":"https:\/\/api.w.org\/{rel}","templated":true}]}}